{"id":10603,"date":"2025-06-02T03:15:27","date_gmt":"2025-06-02T03:15:27","guid":{"rendered":"https:\/\/opalyapi.com\/contact\/"},"modified":"2025-10-03T19:13:18","modified_gmt":"2025-10-03T19:13:18","slug":"contact","status":"publish","type":"page","link":"https:\/\/opalyapi.com\/en\/contact\/","title":{"rendered":"Contact"},"content":{"rendered":"\t\t<div data-elementor-type=\"wp-page\" data-elementor-id=\"10603\" class=\"elementor elementor-10603 elementor-35\">\n\t\t\t\t <div class=\"elementor-element elementor-element-f969415 e-flex e-con-boxed e-con e-parent\" data-id=\"f969415\" data-element_type=\"container\" data-e-type=\"container\" data-settings=\"{&quot;background_background&quot;:&quot;classic&quot;}\">\n\t\t\t\t\t<div class=\"e-con-inner\">\n\t\t<div class=\"elementor-element elementor-element-9533cbe e-con-full e-flex e-con e-child\" data-id=\"9533cbe\" data-element_type=\"container\" data-e-type=\"container\" data-settings=\"{&quot;background_background&quot;:&quot;classic&quot;}\">\n\t\t<div class=\"elementor-element elementor-element-17bb9b4 e-con-full e-flex e-con e-child\" data-id=\"17bb9b4\" data-element_type=\"container\" data-e-type=\"container\">\n\t\t\t\t<div class=\"elementor-element elementor-element-f50016e elementor-absolute elementor-view-default elementor-widget elementor-widget-icon\" data-id=\"f50016e\" data-element_type=\"widget\" data-e-type=\"widget\" data-settings=\"{&quot;_position&quot;:&quot;absolute&quot;,&quot;motion_fx_motion_fx_scrolling&quot;:&quot;yes&quot;,&quot;motion_fx_translateX_effect&quot;:&quot;yes&quot;,&quot;motion_fx_translateX_speed&quot;:{&quot;unit&quot;:&quot;px&quot;,&quot;size&quot;:1.5,&quot;sizes&quot;:[]},&quot;motion_fx_translateX_affectedRange&quot;:{&quot;unit&quot;:&quot;%&quot;,&quot;size&quot;:&quot;&quot;,&quot;sizes&quot;:{&quot;start&quot;:0,&quot;end&quot;:100}},&quot;motion_fx_devices&quot;:[&quot;desktop&quot;,&quot;laptop&quot;,&quot;tablet_extra&quot;,&quot;tablet&quot;,&quot;mobile_extra&quot;,&quot;mobile&quot;]}\" data-widget_type=\"icon.default\">\n\t\t\t\t\t\t\t<div class=\"elementor-icon-wrapper\">\n\t\t\t<div class=\"elementor-icon\">\n\t\t\t<svg xmlns=\"http:\/\/www.w3.org\/2000\/svg\" viewBox=\"0 0 15 15\"><g fill=\"none\" class=\"nc-icon-wrapper\"><path d=\"M15 15L3 11L0 11L12 15L15 15Z\" fill=\"currentColor\"><\/path><\/g><\/svg>\t\t\t<\/div>\n\t\t<\/div>\n\t\t\t\t\t\t<\/div>\n\t\t\t\t<div class=\"elementor-element elementor-element-5a52a97 elementor-widget__width-auto elementor-absolute elementor-view-default elementor-widget elementor-widget-icon\" data-id=\"5a52a97\" data-element_type=\"widget\" data-e-type=\"widget\" data-settings=\"{&quot;_position&quot;:&quot;absolute&quot;,&quot;motion_fx_motion_fx_scrolling&quot;:&quot;yes&quot;,&quot;motion_fx_translateY_effect&quot;:&quot;yes&quot;,&quot;motion_fx_translateY_direction&quot;:&quot;negative&quot;,&quot;motion_fx_translateY_speed&quot;:{&quot;unit&quot;:&quot;px&quot;,&quot;size&quot;:1.2,&quot;sizes&quot;:[]},&quot;motion_fx_translateY_affectedRange&quot;:{&quot;unit&quot;:&quot;%&quot;,&quot;size&quot;:&quot;&quot;,&quot;sizes&quot;:{&quot;start&quot;:0,&quot;end&quot;:100}},&quot;motion_fx_devices&quot;:[&quot;desktop&quot;,&quot;laptop&quot;,&quot;tablet_extra&quot;,&quot;tablet&quot;,&quot;mobile_extra&quot;,&quot;mobile&quot;]}\" data-widget_type=\"icon.default\">\n\t\t\t\t\t\t\t<div class=\"elementor-icon-wrapper\">\n\t\t\t<div class=\"elementor-icon\">\n\t\t\t<svg xmlns=\"http:\/\/www.w3.org\/2000\/svg\" viewBox=\"0 0 15 15\"><g fill=\"none\" class=\"nc-icon-wrapper\"><path d=\"M15 15L11 3L11 0L15 12L15 15Z\" fill=\"currentColor\"><\/path><\/g><\/svg>\t\t\t<\/div>\n\t\t<\/div>\n\t\t\t\t\t\t<\/div>\n\t\t\t\t<div class=\"elementor-element elementor-element-54aba7f subtitle-position-above elementor-mobile_extra-align-center elementor-widget elementor-widget-antra-heading\" data-id=\"54aba7f\" data-element_type=\"widget\" data-e-type=\"widget\" data-widget_type=\"antra-heading.default\">\n\t\t\t\t<div class=\"elementor-widget-container\">\n\t\t\t\t\t<div class=\"elementor-heading-wrapper-inner\"><div class=\"elementor-sub-title\"><span class=\"elementor-title-span\">                <span class=\"elementor-button-icon antra-subtitle-icon-left\">\n                    <i aria-hidden=\"true\" class=\"antra-icon- antra-icon-dot\"><\/i>                <\/span>\n                CONTACT<\/span><\/div><\/div>\t\t\t\t<\/div>\n\t\t\t\t<\/div>\n\t\t\t\t<\/div>\n\t\t<div class=\"elementor-element elementor-element-4516dc9 e-con-full e-flex e-con e-child\" data-id=\"4516dc9\" data-element_type=\"container\" data-e-type=\"container\">\n\t\t\t\t<div class=\"elementor-element elementor-element-a242196 elementor-widget__width-initial elementor-widget elementor-widget-heading\" data-id=\"a242196\" data-element_type=\"widget\" data-e-type=\"widget\" data-widget_type=\"heading.default\">\n\t\t\t\t\t<h2 data-cursor=\"-opaque\" class=\"elementor-heading-title elementor-size-default\"><span class=\"c-primary\">You can contact<\/span> us<\/h2>\t\t\t\t<\/div>\n\t\t\t\t<\/div>\n\t\t\t\t<\/div>\n\t\t<div class=\"elementor-element elementor-element-254771e e-con-full e-flex e-con e-child\" data-id=\"254771e\" data-element_type=\"container\" data-e-type=\"container\">\n\t\t<div class=\"elementor-element elementor-element-54720d3 e-con-full e-flex e-con e-child\" data-id=\"54720d3\" data-element_type=\"container\" data-e-type=\"container\">\n\t\t<div class=\"elementor-element elementor-element-729b66f e-con-full e-flex e-con e-child\" data-id=\"729b66f\" data-element_type=\"container\" data-e-type=\"container\">\n\t\t<div class=\"elementor-element elementor-element-5d85aeb e-con-full e-flex e-con e-child\" data-id=\"5d85aeb\" data-element_type=\"container\" data-e-type=\"container\">\n\t\t\t\t<div class=\"elementor-element elementor-element-9e850c8 elementor-widget elementor-widget-heading\" data-id=\"9e850c8\" data-element_type=\"widget\" data-e-type=\"widget\" data-widget_type=\"heading.default\">\n\t\t\t\t\t<h2 class=\"elementor-heading-title elementor-size-default\">Antalya Showroom<\/h2>\t\t\t\t<\/div>\n\t\t\t\t<div class=\"elementor-element elementor-element-74878eb elementor-widget elementor-widget-text-editor\" data-id=\"74878eb\" data-element_type=\"widget\" data-e-type=\"widget\" data-widget_type=\"text-editor.default\">\n\t\t\t\t\t\t\t\t\t<p>Mehmet\u00e7ik Mah. Termessos Cad. \u0130dea \u0130\u015f Merkezi No:4\/2-A 07300 Muratpa\u015fa\/Antalya<\/p><p>Phone: +90 (242) 311 08 00<\/p><p><strong>Email:<\/strong> <span \n                data-original-string='JxkAv8AFjnCQ25BR0JXgcA==789ELHQ7vJd7luOrBAsNB3O67g+FtDIs6\/ey6FzvTyHEhA='\n                class='apbct-email-encoder'\n                title='This contact has been encoded by Anti-Spam by CleanTalk. Click to decode. To finish the decoding make sure that JavaScript is enabled in your browser.'>in<span class=\"apbct-blur\">**<\/span>@<span class=\"apbct-blur\">******<\/span>pi.com<\/span><\/p>\t\t\t\t\t\t\t\t<\/div>\n\t\t\t\t<\/div>\n\t\t<div class=\"elementor-element elementor-element-e48596f e-con-full e-flex e-con e-child\" data-id=\"e48596f\" data-element_type=\"container\" data-e-type=\"container\">\n\t\t\t\t<div class=\"elementor-element elementor-element-6f43a96 elementor-widget elementor-widget-heading\" data-id=\"6f43a96\" data-element_type=\"widget\" data-e-type=\"widget\" data-widget_type=\"heading.default\">\n\t\t\t\t\t<h2 class=\"elementor-heading-title elementor-size-default\">Alanya Showroom<\/h2>\t\t\t\t<\/div>\n\t\t\t\t<div class=\"elementor-element elementor-element-3cbcbc3 elementor-widget elementor-widget-text-editor\" data-id=\"3cbcbc3\" data-element_type=\"widget\" data-e-type=\"widget\" data-widget_type=\"text-editor.default\">\n\t\t\t\t\t\t\t\t\t<p>Sug\u00f6z\u00fc, Keykubat Blv. No: 43, 07400 Alanya\/Antalya<\/p><p>Phone: +90 (242) 522 47 00<\/p><p><strong>Email:<\/strong> <span \n                data-original-string='arHvJWpW3jh6ieH7bW1VwA==789YiE+WkebwuNpVG7NpqfMhyZWUXGJ5J9Q\/CgBksj6NmM='\n                class='apbct-email-encoder'\n                title='This contact has been encoded by Anti-Spam by CleanTalk. Click to decode. To finish the decoding make sure that JavaScript is enabled in your browser.'>in<span class=\"apbct-blur\">**<\/span>@<span class=\"apbct-blur\">******<\/span>pi.com<\/span><\/p>\t\t\t\t\t\t\t\t<\/div>\n\t\t\t\t<\/div>\n\t\t\t\t<\/div>\n\t\t\t\t<div class=\"elementor-element elementor-element-22337f3 elementor-widget-mobile_extra__width-inherit elementor-widget elementor-widget-image\" data-id=\"22337f3\" data-element_type=\"widget\" data-e-type=\"widget\" data-widget_type=\"image.default\">\n\t\t\t\t\t<div class=\"antra-wrapper-image-widget\" data-cursor=\"-opaque\">\t\t\t\t\t\t\t\t\t\t<img fetchpriority=\"high\" decoding=\"async\" width=\"640\" height=\"420\" src=\"https:\/\/opalyapi.com\/wp-content\/uploads\/2025\/06\/contact-image-1.jpg\" class=\"attachment-full size-full wp-image-10516\" alt=\"\" srcset=\"https:\/\/opalyapi.com\/wp-content\/uploads\/2025\/06\/contact-image-1.jpg 640w, https:\/\/opalyapi.com\/wp-content\/uploads\/2025\/06\/contact-image-1-300x197.jpg 300w\" sizes=\"(max-width: 640px) 100vw, 640px\" \/>\t\t\t\t\t\t\t\t\t\t\t<\/div>\t\t\t\t<\/div>\n\t\t\t\t<\/div>\n\t\t<div class=\"elementor-element elementor-element-baf4453 e-con-full e-flex e-con e-child\" data-id=\"baf4453\" data-element_type=\"container\" data-e-type=\"container\">\n\t\t\t\t<div class=\"elementor-element elementor-element-3544da2 elementor-widget elementor-widget-antra-contactform\" data-id=\"3544da2\" data-element_type=\"widget\" data-e-type=\"widget\" data-widget_type=\"antra-contactform.default\">\n\t\t\t\t<div class=\"elementor-widget-container\">\n\t\t\t\t\t\n<div class=\"wpcf7 no-js\" id=\"wpcf7-f10609-o1\" lang=\"en-US\" dir=\"ltr\" data-wpcf7-id=\"10609\">\n<div class=\"screen-reader-response\"><p role=\"status\" aria-live=\"polite\" aria-atomic=\"true\"><\/p> <ul><\/ul><\/div>\n<form action=\"\/en\/wp-json\/wp\/v2\/pages\/10603#wpcf7-f10609-o1\" method=\"post\" class=\"wpcf7-form init\" aria-label=\"Contact form\" novalidate=\"novalidate\" data-status=\"init\">\n<fieldset class=\"hidden-fields-container\"><input type=\"hidden\" name=\"_wpcf7\" value=\"10609\" \/><input type=\"hidden\" name=\"_wpcf7_version\" value=\"6.1.5\" \/><input type=\"hidden\" name=\"_wpcf7_locale\" value=\"en_US\" \/><input type=\"hidden\" name=\"_wpcf7_unit_tag\" value=\"wpcf7-f10609-o1\" \/><input type=\"hidden\" name=\"_wpcf7_container_post\" value=\"0\" \/><input type=\"hidden\" name=\"_wpcf7_posted_data_hash\" value=\"\" \/>\n<\/fieldset>\n<div class=\"form-1\">\n\t<div class=\"row row-form-1\">\n\t\t<div class=\"column-tablet-6 column-12\">\n\t\t\t<div class=\"label-form\">\n\t\t\t\t<p><label>First Name Last Name *<\/label>\n\t\t\t\t<\/p>\n\t\t\t<\/div>\n\t\t\t<p><span class=\"wpcf7-form-control-wrap\" data-name=\"your-name\"><input size=\"40\" maxlength=\"400\" class=\"wpcf7-form-control wpcf7-text wpcf7-validates-as-required\" id=\"your-name\" aria-required=\"true\" aria-invalid=\"false\" value=\"\" type=\"text\" name=\"your-name\" \/><\/span>\n\t\t\t<\/p>\n\t\t<\/div>\n\t\t<div class=\"column-tablet-6 column-12\">\n\t\t\t<div class=\"label-form\">\n\t\t\t\t<p><label>Phone *<\/label>\n\t\t\t\t<\/p>\n\t\t\t<\/div>\n\t\t\t<p><span class=\"wpcf7-form-control-wrap\" data-name=\"tel\"><input class=\"wpcf7-form-control wpcf7-number wpcf7-validates-as-required wpcf7-validates-as-number\" aria-required=\"true\" aria-invalid=\"false\" value=\"\" type=\"number\" name=\"tel\" \/><\/span>\n\t\t\t<\/p>\n\t\t<\/div>\n\t<\/div>\n\t<div class=\"row row-form-1\">\n\t\t<div class=\"column-tablet-6 column-12\">\n\t\t\t<div class=\"label-form\">\n\t\t\t\t<p><label>Email address *<\/label>\n\t\t\t\t<\/p>\n\t\t\t<\/div>\n\t\t\t<p><span class=\"wpcf7-form-control-wrap\" data-name=\"your-email\"><input size=\"40\" maxlength=\"400\" class=\"wpcf7-form-control wpcf7-email wpcf7-validates-as-required wpcf7-text wpcf7-validates-as-email\" id=\"your-email\" aria-required=\"true\" aria-invalid=\"false\" value=\"\" type=\"email\" name=\"your-email\" \/><\/span>\n\t\t\t<\/p>\n\t\t<\/div>\n\t\t<div class=\"column-tablet-6 column-12\">\n\t\t\t<div class=\"label-form\">\n\t\t\t\t<p><label>Subject * <\/label>\n\t\t\t\t<\/p>\n\t\t\t<\/div>\n\t\t\t<p><span class=\"wpcf7-form-control-wrap\" data-name=\"text\"><input size=\"40\" maxlength=\"400\" class=\"wpcf7-form-control wpcf7-email wpcf7-validates-as-required wpcf7-text wpcf7-validates-as-email\" aria-required=\"true\" aria-invalid=\"false\" value=\"\" type=\"email\" name=\"text\" \/><\/span>\n\t\t\t<\/p>\n\t\t<\/div>\n\t<\/div>\n\t<div class=\"row row-form-1\">\n\t\t<div class=\"column-12\">\n\t\t\t<div class=\"label-form\">\n\t\t\t\t<p><label>Your message *<\/label>\n\t\t\t\t<\/p>\n\t\t\t<\/div>\n\t\t\t<p><span class=\"wpcf7-form-control-wrap\" data-name=\"your-message\"><textarea cols=\"40\" rows=\"4\" maxlength=\"2000\" class=\"wpcf7-form-control wpcf7-textarea wpcf7-validates-as-required\" aria-required=\"true\" aria-invalid=\"false\" name=\"your-message\"><\/textarea><\/span>\n\t\t\t<\/p>\n\t\t<\/div>\n\t<\/div>\n\t<div class=\"wpcf7-button has-spinner\">\n\t\t<p><button class=\"submit\" type=\"submit\" value=\"Send\"><span>Send Message<\/span><i aria-hidden=\"true\" class=\"fas fa-arrow-right\"><\/i><\/button>\n\t\t<\/p>\n\t<\/div>\n<\/div><input type=\"hidden\" id=\"ct_checkjs_cf7_2a084e55c87b1ebcdaad1f62fdbbac8e\" name=\"ct_checkjs_cf7\" value=\"0\" \/><script >setTimeout(function(){var ct_input_name = \"ct_checkjs_cf7_2a084e55c87b1ebcdaad1f62fdbbac8e\";if (document.getElementById(ct_input_name) !== null) {var ct_input_value = document.getElementById(ct_input_name).value;document.getElementById(ct_input_name).value = document.getElementById(ct_input_name).value.replace(ct_input_value, '308ec1b622c2f61623e189fdbfd6a4238fbc69cb849d4dccc1ab626d1c645cef');}}, 1000);<\/script><input\n                    class=\"apbct_special_field apbct_email_id__wp_contact_form_7\"\n                    name=\"apbct__email_id__wp_contact_form_7\"\n                    aria-label=\"apbct__label_id__wp_contact_form_7\"\n                    type=\"text\" size=\"30\" maxlength=\"200\" autocomplete=\"off\"\n                    value=\"\"\n                \/><div class=\"wpcf7-response-output\" aria-hidden=\"true\"><\/div>\n<input\n                    class=\"apbct_special_field apbct_email_id__elementor_form\"\n                    name=\"apbct__email_id__elementor_form\"\n                    aria-label=\"apbct__label_id__elementor_form\"\n                    type=\"text\" size=\"30\" maxlength=\"200\" autocomplete=\"off\"\n                    value=\"\"\n                \/><\/form>\n<\/div>\n\t\t\t\t<\/div>\n\t\t\t\t<\/div>\n\t\t\t\t<\/div>\n\t\t\t\t<\/div>\n\t\t\t\t\t<\/div>\n\t\t\t\t<\/div>\n\t\t<div class=\"elementor-element elementor-element-2e47225 e-flex e-con-boxed e-con e-parent\" data-id=\"2e47225\" data-element_type=\"container\" data-e-type=\"container\">\n\t\t\t\t\t<div class=\"e-con-inner\">\n\t\t\t\t<div class=\"elementor-element elementor-element-9dd2c54 elementor-widget elementor-widget-spacer\" data-id=\"9dd2c54\" data-element_type=\"widget\" data-e-type=\"widget\" data-widget_type=\"spacer.default\">\n\t\t\t\t\t\t\t<div class=\"elementor-spacer\">\n\t\t\t<div class=\"elementor-spacer-inner\"><\/div>\n\t\t<\/div>\n\t\t\t\t\t\t<\/div>\n\t\t\t\t\t<\/div>\n\t\t\t\t<\/div>\n\t\t\t\t<\/div>\n\t\t","protected":false},"excerpt":{"rendered":"<p>CONTACT You can contact us Antalya Showroom Mehmet\u00e7ik Mah. Termessos Cad. \u0130dea \u0130\u015f Merkezi No:4\/2-A 07300 Muratpa\u015fa\/Antalya Phone: +90 (242) 311 08 00 Email: in**@******pi.com Alanya Showroom Sug\u00f6z\u00fc, Keykubat Blv. No: 43, 07400 Alanya\/Antalya Phone: +90 (242) 522 47 00 Email: in**@******pi.com First Name Last Name * Phone * Email address * Subject * Your [&hellip;]<\/p>\n","protected":false},"author":1,"featured_media":0,"parent":0,"menu_order":0,"comment_status":"closed","ping_status":"closed","template":"","meta":{"footnotes":""},"class_list":["post-10603","page","type-page","status-publish","hentry"],"_links":{"self":[{"href":"https:\/\/opalyapi.com\/en\/wp-json\/wp\/v2\/pages\/10603","targetHints":{"allow":["GET"]}}],"collection":[{"href":"https:\/\/opalyapi.com\/en\/wp-json\/wp\/v2\/pages"}],"about":[{"href":"https:\/\/opalyapi.com\/en\/wp-json\/wp\/v2\/types\/page"}],"author":[{"embeddable":true,"href":"https:\/\/opalyapi.com\/en\/wp-json\/wp\/v2\/users\/1"}],"replies":[{"embeddable":true,"href":"https:\/\/opalyapi.com\/en\/wp-json\/wp\/v2\/comments?post=10603"}],"version-history":[{"count":0,"href":"https:\/\/opalyapi.com\/en\/wp-json\/wp\/v2\/pages\/10603\/revisions"}],"wp:attachment":[{"href":"https:\/\/opalyapi.com\/en\/wp-json\/wp\/v2\/media?parent=10603"}],"curies":[{"name":"wp","href":"https:\/\/api.w.org\/{rel}","templated":true}]}}